{"id":2925,"date":"2021-07-18T16:38:55","date_gmt":"2021-07-18T16:38:55","guid":{"rendered":"https:\/\/divingandadventure.com\/es\/buchungsbestaetigung\/"},"modified":"2021-07-19T16:38:58","modified_gmt":"2021-07-19T16:38:58","slug":"confirmacion-de-reserva","status":"publish","type":"page","link":"https:\/\/divingandadventure.com\/es\/confirmacion-de-reserva\/","title":{"rendered":"Confirmaci\u00f3n de reserva"},"content":{"rendered":"<p><div id=\"#intro\"><div class=\"fusion-fullwidth fullwidth-box fusion-builder-row-1 fusion-flex-container nonhundred-percent-fullwidth non-hundred-percent-height-scrolling\" style=\"background-color: rgba(255,255,255,0);background-position: center center;background-repeat: no-repeat;border-width: 0px 0px 0px 0px;border-color:#eae9e9;border-style:solid;\" ><div class=\"fusion-builder-row fusion-row fusion-flex-align-items-flex-start\" style=\"max-width:1216.8px;margin-left: calc(-4% \/ 2 );margin-right: calc(-4% \/ 2 );\"><div class=\"fusion-layout-column fusion_builder_column fusion-builder-column-0 fusion_builder_column_1_1 1_1 fusion-flex-column\"><div class=\"fusion-column-wrapper fusion-flex-justify-content-flex-start fusion-content-layout-column\" style=\"background-position:left top;background-repeat:no-repeat;-webkit-background-size:cover;-moz-background-size:cover;-o-background-size:cover;background-size:cover;padding: 0px 0px 0px 0px;\"><style type=\"text\/css\">@media only screen and (max-width:1024px) {.fusion-title.fusion-title-1{margin-top:0px!important; margin-right:0px!important;margin-bottom:31px!important;margin-left:0px!important;}}@media only screen and (max-width:640px) {.fusion-title.fusion-title-1{margin-top:0px!important; margin-right:0px!important;margin-bottom:20px!important; margin-left:0px!important;}}<\/style><div class=\"fusion-title title fusion-title-1 fusion-title-text fusion-title-size-two\" style=\"margin-top:0px;margin-right:0px;margin-bottom:31px;margin-left:0px;\"><div class=\"title-sep-container title-sep-container-left fusion-no-large-visibility fusion-no-medium-visibility fusion-no-small-visibility\"><div class=\"title-sep sep-\" style=\"border-color:#e0dede;\"><\/div><\/div><span class=\"awb-title-spacer fusion-no-large-visibility fusion-no-medium-visibility fusion-no-small-visibility\"><\/span><h2 class=\"title-heading-left fusion-responsive-typography-calculated\" style=\"margin:0;color:#00bcd4;--fontSize:60;line-height:1.3;\">Confirmaci\u00f3n de reserva:<\/h2><span class=\"awb-title-spacer\"><\/span><div class=\"title-sep-container title-sep-container-right\"><div class=\"title-sep sep-\" style=\"border-color:#e0dede;\"><\/div><\/div><\/div><div class=\"fusion-text fusion-text-1\"><p><strong>Gracias<\/strong> por tu reserva y tu confianza en nuestra empresa.<\/p>\n<p>Recibir\u00e1s un correo electr\u00f3nico de nuestra parte confirmando tu reserva y con el punto de encuentro exacto para tu excursi\u00f3n. Est\u00e9s siempre en el lugar acordado 15 minutos <strong>antes<\/strong> del inicio de su actividad.<\/p>\n<p>Adem\u00e1s del traje de ba\u00f1o, es <strong>obligatorio<\/strong> traer toalla y una muda de ropa seca. Es m\u00e1s f\u00e1cil si te pones el ba\u00f1ador de inmediato, ya que lo primero que hacemos es probarnos los neoprenos. Tambi\u00e9n te recomendamos llevar contigo una botella peque\u00f1a de agua.<\/p>\n<p>Dado que siempre tratamos de mantener el tama\u00f1o de nuestro grupo peque\u00f1o para poder ofrecer un servicio individual, tenga en cuenta tambi\u00e9n nuestra <a href=\"https:\/\/divingandadventure.com\/es\/politica-de-cancelaciones\/?lang=es\"><span style=\"color: #33cccc;\"><em>pol\u00edtica de cancelaci\u00f3n<\/em><\/span><\/a> para evitar inconvenientes o malentendidos.<\/p>\n<p>Con los mejores deseos,<\/p>\n<p>tu equipo de <strong>Divng and Adventure<\/strong><\/p>\n<\/div><\/div><style type=\"text\/css\">.fusion-body .fusion-builder-column-0{width:100% !important;margin-top : 0px;margin-bottom : 20px;}.fusion-builder-column-0 > .fusion-column-wrapper {padding-top : 0px !important;padding-right : 0px !important;margin-right : 1.92%;padding-bottom : 0px !important;padding-left : 0px !important;margin-left : 1.92%;}@media only screen and (max-width:1024px) {.fusion-body .fusion-builder-column-0{width:100% !important;}.fusion-builder-column-0 > .fusion-column-wrapper {margin-right : 1.92%;margin-left : 1.92%;}}@media only screen and (max-width:640px) {.fusion-body .fusion-builder-column-0{width:100% !important;}.fusion-builder-column-0 > .fusion-column-wrapper {margin-right : 1.92%;margin-left : 1.92%;}}<\/style><\/div><\/div><style type=\"text\/css\">.fusion-body .fusion-flex-container.fusion-builder-row-1{ padding-top : 120px;margin-top : 0px;padding-right : 0px;padding-bottom : 80px;margin-bottom : 0px;padding-left : 0px;}@media only screen and (max-width:640px) {.fusion-body .fusion-flex-container.fusion-builder-row-1{ padding-top : 80px;}}<\/style><\/div><\/div><div class=\"fusion-fullwidth fullwidth-box fusion-builder-row-2 fusion-flex-container hundred-percent-fullwidth non-hundred-percent-height-scrolling\" style=\"background-color: rgba(255,255,255,0);background-position: center center;background-repeat: no-repeat;border-width: 0px 0px 0px 0px;border-color:#eae9e9;border-style:solid;\" ><div class=\"fusion-builder-row fusion-row fusion-flex-align-items-flex-start\" style=\"width:104% !important;max-width:104% !important;margin-left: calc(-4% \/ 2 );margin-right: calc(-4% \/ 2 );\"><div class=\"fusion-layout-column fusion_builder_column fusion-builder-column-1 fusion_builder_column_1_1 1_1 fusion-flex-column\"><div class=\"fusion-column-wrapper fusion-flex-justify-content-flex-start fusion-content-layout-column\" style=\"background-position:left top;background-repeat:no-repeat;-webkit-background-size:cover;-moz-background-size:cover;-o-background-size:cover;background-size:cover;padding: 0px 0px 0px 0px;\"><div class=\"fusion-image-carousel fusion-image-carousel-auto lightbox-enabled\"><div class=\"fusion-carousel\" data-autoplay=\"no\" data-columns=\"5\" data-itemmargin=\"10\" data-itemwidth=\"180\" data-touchscroll=\"no\" data-imagesize=\"auto\" data-scrollitems=\"1\"><div class=\"fusion-carousel-positioner\"><ul class=\"fusion-carousel-holder\"><li class=\"fusion-carousel-item\"><div class=\"fusion-carousel-item-wrapper\"><div class=\"fusion-image-wrapper hover-type-none\"><a data-rel=\"iLightbox[image_carousel_1]\" data-title=\"AquaLung\" aria-label=\"AquaLung\" href=\"http:\/\/divingandadventure.com\/es\/wp-content\/uploads\/sites\/12\/2021\/02\/AquaLung.jpg\" target=\"_self\"><img decoding=\"async\" width=\"200\" height=\"105\" src=\"https:\/\/divingandadventure.com\/es\/wp-content\/uploads\/sites\/12\/2021\/02\/AquaLung.jpg\" class=\"attachment-full size-full\" alt=\"\" \/><\/a><\/div><\/div><\/li><li class=\"fusion-carousel-item\"><div class=\"fusion-carousel-item-wrapper\"><div class=\"fusion-image-wrapper hover-type-none\"><a data-rel=\"iLightbox[image_carousel_1]\" data-title=\"XDEEP\" aria-label=\"XDEEP\" href=\"http:\/\/divingandadventure.com\/es\/wp-content\/uploads\/sites\/12\/2021\/02\/XDEEP.png\" target=\"_self\"><img decoding=\"async\" width=\"200\" height=\"50\" src=\"https:\/\/divingandadventure.com\/es\/wp-content\/uploads\/sites\/12\/2021\/02\/XDEEP.png\" class=\"attachment-full size-full\" alt=\"\" \/><\/a><\/div><\/div><\/li><li class=\"fusion-carousel-item\"><div class=\"fusion-carousel-item-wrapper\"><div class=\"fusion-image-wrapper hover-type-none\"><a data-rel=\"iLightbox[image_carousel_1]\" data-title=\"aquamed\" aria-label=\"aquamed\" href=\"http:\/\/divingandadventure.com\/es\/wp-content\/uploads\/sites\/12\/2021\/02\/aquamed.png\" target=\"_self\"><img decoding=\"async\" width=\"200\" height=\"50\" src=\"https:\/\/divingandadventure.com\/es\/wp-content\/uploads\/sites\/12\/2021\/02\/aquamed.png\" class=\"attachment-full size-full\" alt=\"\" \/><\/a><\/div><\/div><\/li><li class=\"fusion-carousel-item\"><div class=\"fusion-carousel-item-wrapper\"><div class=\"fusion-image-wrapper hover-type-none\"><a data-rel=\"iLightbox[image_carousel_1]\" data-title=\"dani\" aria-label=\"dani\" href=\"http:\/\/divingandadventure.com\/es\/wp-content\/uploads\/sites\/12\/2021\/02\/dani.png\" target=\"_self\"><img decoding=\"async\" width=\"200\" height=\"57\" src=\"https:\/\/divingandadventure.com\/es\/wp-content\/uploads\/sites\/12\/2021\/02\/dani.png\" class=\"attachment-full size-full\" alt=\"\" \/><\/a><\/div><\/div><\/li><li class=\"fusion-carousel-item\"><div class=\"fusion-carousel-item-wrapper\"><div class=\"fusion-image-wrapper hover-type-none\"><a data-rel=\"iLightbox[image_carousel_1]\" data-title=\"padi-logo-200&#215;51\" aria-label=\"padi-logo-200&#215;51\" href=\"http:\/\/divingandadventure.com\/es\/wp-content\/uploads\/sites\/12\/2021\/02\/padi-logo-200x51-1.jpg\" target=\"_self\"><img decoding=\"async\" width=\"200\" height=\"51\" src=\"https:\/\/divingandadventure.com\/es\/wp-content\/uploads\/sites\/12\/2021\/02\/padi-logo-200x51-1.jpg\" class=\"attachment-full size-full\" alt=\"\" \/><\/a><\/div><\/div><\/li><li class=\"fusion-carousel-item\"><div class=\"fusion-carousel-item-wrapper\"><div class=\"fusion-image-wrapper hover-type-none\"><a data-rel=\"iLightbox[image_carousel_1]\" data-title=\"Logo-in-Farbe\" aria-label=\"Logo-in-Farbe\" href=\"http:\/\/divingandadventure.com\/es\/wp-content\/uploads\/sites\/12\/2021\/02\/Logo-in-Farbe-1024x173.png\" target=\"_self\"><img decoding=\"async\" width=\"1232\" height=\"208\" src=\"https:\/\/divingandadventure.com\/es\/wp-content\/uploads\/sites\/12\/2021\/02\/Logo-in-Farbe.png\" class=\"attachment-full size-full\" alt=\"\" srcset=\"https:\/\/divingandadventure.com\/es\/wp-content\/uploads\/sites\/12\/2021\/02\/Logo-in-Farbe-200x34.png 200w, https:\/\/divingandadventure.com\/es\/wp-content\/uploads\/sites\/12\/2021\/02\/Logo-in-Farbe-400x68.png 400w, https:\/\/divingandadventure.com\/es\/wp-content\/uploads\/sites\/12\/2021\/02\/Logo-in-Farbe-600x101.png 600w, https:\/\/divingandadventure.com\/es\/wp-content\/uploads\/sites\/12\/2021\/02\/Logo-in-Farbe-800x135.png 800w, https:\/\/divingandadventure.com\/es\/wp-content\/uploads\/sites\/12\/2021\/02\/Logo-in-Farbe-1200x203.png 1200w, https:\/\/divingandadventure.com\/es\/wp-content\/uploads\/sites\/12\/2021\/02\/Logo-in-Farbe.png 1232w\" sizes=\"(min-width: 2200px) 100vw, (min-width: 928px) 226px, (min-width: 856px) 283px, (min-width: 784px) 377px, (min-width: 712px) 565px, (min-width: 640px) 712px, \" \/><\/a><\/div><\/div><\/li><\/ul><div class=\"fusion-carousel-nav\"><span class=\"fusion-nav-prev\"><\/span><span class=\"fusion-nav-next\"><\/span><\/div><\/div><\/div><\/div><div class=\"fusion-separator fusion-full-width-sep\" style=\"align-self: center;margin-left: auto;margin-right: auto;margin-top:-60px;width:100%;\"><\/div><\/div><style type=\"text\/css\">.fusion-body .fusion-builder-column-1{width:100% !important;margin-top : 0px;margin-bottom : 20px;}.fusion-builder-column-1 > .fusion-column-wrapper {padding-top : 0px !important;padding-right : 0px !important;margin-right : 1.92%;padding-bottom : 0px !important;padding-left : 0px !important;margin-left : 1.92%;}@media only screen and (max-width:1024px) {.fusion-body .fusion-builder-column-1{width:100% !important;}.fusion-builder-column-1 > .fusion-column-wrapper {margin-right : 1.92%;margin-left : 1.92%;}}@media only screen and (max-width:640px) {.fusion-body .fusion-builder-column-1{width:100% !important;}.fusion-builder-column-1 > .fusion-column-wrapper {margin-right : 1.92%;margin-left : 1.92%;}}<\/style><\/div><\/div><style type=\"text\/css\">.fusion-body .fusion-flex-container.fusion-builder-row-2{ padding-top : 60px;margin-top : 0px;padding-right : 0px;padding-bottom : 0px;margin-bottom : 0px;padding-left : 0px;}<\/style><\/div><\/p>\n","protected":false},"excerpt":{"rendered":"","protected":false},"author":2,"featured_media":0,"parent":0,"menu_order":0,"comment_status":"closed","ping_status":"closed","template":"100-width.php","meta":{"footnotes":""},"class_list":["post-2925","page","type-page","status-publish","hentry"],"yoast_head":"<!-- This site is optimized with the Yoast SEO plugin v24.5 - https:\/\/yoast.com\/wordpress\/plugins\/seo\/ -->\n<title>Confirmaci\u00f3n de reserva - Diving and Adventure ES<\/title>\n<meta name=\"robots\" content=\"index, follow, max-snippet:-1, max-image-preview:large, max-video-preview:-1\" \/>\n<link rel=\"canonical\" href=\"https:\/\/divingandadventure.com\/es\/confirmacion-de-reserva\/\" \/>\n<meta property=\"og:locale\" content=\"es_ES\" \/>\n<meta property=\"og:type\" content=\"article\" \/>\n<meta property=\"og:title\" content=\"Confirmaci\u00f3n de reserva - Diving and Adventure ES\" \/>\n<meta property=\"og:url\" content=\"https:\/\/divingandadventure.com\/es\/confirmacion-de-reserva\/\" \/>\n<meta property=\"og:site_name\" content=\"Diving and Adventure ES\" \/>\n<meta property=\"article:modified_time\" content=\"2021-07-19T16:38:58+00:00\" \/>\n<meta name=\"twitter:card\" content=\"summary_large_image\" \/>\n<meta name=\"twitter:label1\" content=\"Tiempo de lectura\" \/>\n\t<meta name=\"twitter:data1\" content=\"2 minutos\" \/>\n<script type=\"application\/ld+json\" class=\"yoast-schema-graph\">{\"@context\":\"https:\/\/schema.org\",\"@graph\":[{\"@type\":\"WebPage\",\"@id\":\"https:\/\/divingandadventure.com\/es\/confirmacion-de-reserva\/\",\"url\":\"https:\/\/divingandadventure.com\/es\/confirmacion-de-reserva\/\",\"name\":\"Confirmaci\u00f3n de reserva - Diving and Adventure ES\",\"isPartOf\":{\"@id\":\"https:\/\/divingandadventure.com\/es\/#website\"},\"datePublished\":\"2021-07-18T16:38:55+00:00\",\"dateModified\":\"2021-07-19T16:38:58+00:00\",\"breadcrumb\":{\"@id\":\"https:\/\/divingandadventure.com\/es\/confirmacion-de-reserva\/#breadcrumb\"},\"inLanguage\":\"es\",\"potentialAction\":[{\"@type\":\"ReadAction\",\"target\":[\"https:\/\/divingandadventure.com\/es\/confirmacion-de-reserva\/\"]}]},{\"@type\":\"BreadcrumbList\",\"@id\":\"https:\/\/divingandadventure.com\/es\/confirmacion-de-reserva\/#breadcrumb\",\"itemListElement\":[{\"@type\":\"ListItem\",\"position\":1,\"name\":\"Home\",\"item\":\"https:\/\/divingandadventure.com\/es\/\"},{\"@type\":\"ListItem\",\"position\":2,\"name\":\"Confirmaci\u00f3n de reserva\"}]},{\"@type\":\"WebSite\",\"@id\":\"https:\/\/divingandadventure.com\/es\/#website\",\"url\":\"https:\/\/divingandadventure.com\/es\/\",\"name\":\"Diving and Adventure ES\",\"description\":\"Tauchen Mallorca\",\"potentialAction\":[{\"@type\":\"SearchAction\",\"target\":{\"@type\":\"EntryPoint\",\"urlTemplate\":\"https:\/\/divingandadventure.com\/es\/?s={search_term_string}\"},\"query-input\":{\"@type\":\"PropertyValueSpecification\",\"valueRequired\":true,\"valueName\":\"search_term_string\"}}],\"inLanguage\":\"es\"}]}<\/script>\n<!-- \/ Yoast SEO plugin. -->","yoast_head_json":{"title":"Confirmaci\u00f3n de reserva - Diving and Adventure ES","robots":{"index":"index","follow":"follow","max-snippet":"max-snippet:-1","max-image-preview":"max-image-preview:large","max-video-preview":"max-video-preview:-1"},"canonical":"https:\/\/divingandadventure.com\/es\/confirmacion-de-reserva\/","og_locale":"es_ES","og_type":"article","og_title":"Confirmaci\u00f3n de reserva - Diving and Adventure ES","og_url":"https:\/\/divingandadventure.com\/es\/confirmacion-de-reserva\/","og_site_name":"Diving and Adventure ES","article_modified_time":"2021-07-19T16:38:58+00:00","twitter_card":"summary_large_image","twitter_misc":{"Tiempo de lectura":"2 minutos"},"schema":{"@context":"https:\/\/schema.org","@graph":[{"@type":"WebPage","@id":"https:\/\/divingandadventure.com\/es\/confirmacion-de-reserva\/","url":"https:\/\/divingandadventure.com\/es\/confirmacion-de-reserva\/","name":"Confirmaci\u00f3n de reserva - Diving and Adventure ES","isPartOf":{"@id":"https:\/\/divingandadventure.com\/es\/#website"},"datePublished":"2021-07-18T16:38:55+00:00","dateModified":"2021-07-19T16:38:58+00:00","breadcrumb":{"@id":"https:\/\/divingandadventure.com\/es\/confirmacion-de-reserva\/#breadcrumb"},"inLanguage":"es","potentialAction":[{"@type":"ReadAction","target":["https:\/\/divingandadventure.com\/es\/confirmacion-de-reserva\/"]}]},{"@type":"BreadcrumbList","@id":"https:\/\/divingandadventure.com\/es\/confirmacion-de-reserva\/#breadcrumb","itemListElement":[{"@type":"ListItem","position":1,"name":"Home","item":"https:\/\/divingandadventure.com\/es\/"},{"@type":"ListItem","position":2,"name":"Confirmaci\u00f3n de reserva"}]},{"@type":"WebSite","@id":"https:\/\/divingandadventure.com\/es\/#website","url":"https:\/\/divingandadventure.com\/es\/","name":"Diving and Adventure ES","description":"Tauchen Mallorca","potentialAction":[{"@type":"SearchAction","target":{"@type":"EntryPoint","urlTemplate":"https:\/\/divingandadventure.com\/es\/?s={search_term_string}"},"query-input":{"@type":"PropertyValueSpecification","valueRequired":true,"valueName":"search_term_string"}}],"inLanguage":"es"}]}},"_links":{"self":[{"href":"https:\/\/divingandadventure.com\/es\/wp-json\/wp\/v2\/pages\/2925","targetHints":{"allow":["GET"]}}],"collection":[{"href":"https:\/\/divingandadventure.com\/es\/wp-json\/wp\/v2\/pages"}],"about":[{"href":"https:\/\/divingandadventure.com\/es\/wp-json\/wp\/v2\/types\/page"}],"author":[{"embeddable":true,"href":"https:\/\/divingandadventure.com\/es\/wp-json\/wp\/v2\/users\/2"}],"replies":[{"embeddable":true,"href":"https:\/\/divingandadventure.com\/es\/wp-json\/wp\/v2\/comments?post=2925"}],"version-history":[{"count":4,"href":"https:\/\/divingandadventure.com\/es\/wp-json\/wp\/v2\/pages\/2925\/revisions"}],"predecessor-version":[{"id":2955,"href":"https:\/\/divingandadventure.com\/es\/wp-json\/wp\/v2\/pages\/2925\/revisions\/2955"}],"wp:attachment":[{"href":"https:\/\/divingandadventure.com\/es\/wp-json\/wp\/v2\/media?parent=2925"}],"curies":[{"name":"wp","href":"https:\/\/api.w.org\/{rel}","templated":true}]}}